{"id":462,"date":"2017-01-14T12:46:51","date_gmt":"2017-01-14T10:46:51","guid":{"rendered":"http:\/\/marcosalcito.it\/?page_id=462\/"},"modified":"2017-01-14T12:46:51","modified_gmt":"2017-01-14T10:46:51","slug":"biografie","status":"publish","type":"page","link":"https:\/\/marcosalcito.it\/de\/biografie\/","title":{"rendered":"Biografie"},"content":{"rendered":"<p>Er studierte Klavier und Cello im Alter von zehn Jahren. Bei der Musikhochschule \u201cL. D\u2019Annunzio\u201d in Pescara erhielt er, mit Bestnoten und Lob das Diplom in Gitarre unter der Leitung von M\u00b0 L. Guerra.\r\nAls Stipendiat hat er der dreij\u00e4hrige Fortbilldungkurs bei der \u201cAccademia Musicale Chigiana\u201d in Siena mit Lob abgeschlossen. Bei der Musik Akademie der Stadt Basel in der Konzert Klasse von M\u00b0 O. Ghiglia hat er sich als \u201cSolisten\u201d diplomiert.<\/p>\r\n<p>Er hat in wichtige nationalen und internationalen Wettbewerbe Preise gewonnen: internationalen Wettbewerbe \u201cF. Sor\u201d in Rome (1\u00b0 Preise), \u201cM. Giuliani\u201d in Bari\u201d(2\u00b0Preise), \u201cR.Bartoli\u201d in Salon en Provence (2\u00b0Preise), der \u201cConcorso Internazionale della Scuola Civica \u201d in Milan (1\u00b0Preise), \u201cG. Ansalone\u201d in Milan (1\u00b0Preise), der internationalen Wettbewerbe  in Mottola (1\u00b0Preise). Ausserdem   hat er bei den  internationalen Wettbewerbe in Gargnano, \u201cYamashita\u201d in Berlin, \u201cLe Printemps de la Guitar\u201d in Charleroi und \u201cAndres Segovia Competition \u201c in Palma de Mallorca Anerkennungen erhalten.<\/p>\r\n<p>Er ist in ber\u00fchmte Konzertsaisons eingeladen gewesen wie z.b. Festival \u201cNuova Consonanza\u201d  in Rom,  der \u201cIstituzione Sinfonica Abruzzese\u201d in L\u2019 Aquila, Maisterkonzert in Stuttgart, \u201cStadt Casino\u201d in Basel, \u201cNew York University\u201d, etc..Mit verschiedenen Kammemusikensembles hat er Konzerte gegeben z.b. hat er mit \u201cQuartetto Chitarristico Italiano\u201d, Quintet \u201cItaliamusica\u201d und die Musikguppe   \u201cRosso Gitano\u201d gespielt. Zurzeit spielt er regelm\u00e4\u00dfig mit dem erste Klarinette des abruzzischen Sinfonieorchester Gianluca Sulli, mit der Cembalistin Chiara Massini. K\u00fcrzlich hat er mit Chiara das Duo \u201cOPUS 32\u201d gegr\u00fcndet. Im Jahr 2016 ging er mit der Violinistin Aurelia Macovei auf Tournee in China. Sie traten in Shanghai und Naijng auf.<\/p>\r\n<p>Im Juni 2006 spielte er in der  \u201cHong Kong Academy for Performing Arts\u201d mit dem  \u201cKong City Chamber Orchestra\u201d. Das Programm unter dem Titel \u201cCinema Amore Mio \u201c enthielt die beruehmsten Songs von der italienischen Filmusik und war ein voller Erfolg. Deshalb wurde Salcito im Jahr 2007 noch einmal in der \u201cCity Hall\u201d von Hong Kong eingeladen. Bei dieser Gelegenheit mit der H.K.C.C.O. spielte er als Solist und Arrangeur der Romanzen von F.P.Tosti. Dieses Project geordert von \u201cIstituto Tostiano\u201d von Ortona bekam ein breiter Zuspruch von Publikum und Kritik. \r\n<\/p>\r\n<p>Er hat auch Film Saud-track des Komponist L. Bacalov und E. Morricone f\u00fcr dieTwentieth Century Fox und RAI Trade gespielt.<\/p>\r\n<p>F\u00fcr dem Musikverlag Bongiovanni aus Bologna und f\u00fcr RAITRADE hat er mehrere CD mit Musik von zeitgen\u00f6ssischer Komponisten beschprechen.<\/p>\r\n<p>Im Jahr 2007 ver\u00f6ffentlichte er seine erste CD mit seine Kompositionen herausgegeben von VIOLIPIANO unter dem Titel Rosso Gitano. Zwein Jahre sp\u00e4ter durch die k\u00fcnstlerische Zusammenarbeit mit der Klarinettist Gianluca Sulli wurde die CD \u201cScaramouche\u201d publiziert.<\/p>\r\n<p>Im Jahr 2014 ver\u00f6ffentlicht die DYNAMIC seine letzte Doppel-Cd unter dem Titel \u201cGoldberg\u2019s Variations BWV 988\u201d von J.S.Bach. Diese CD ist das Ergebnis von drei Jahre intensiver Arbeit von Transkription und Arrangement. Diese Platte einzigartig in seiner Art erhielt breite Anerkennung von Kritik und Fachzeitschriften:<\/p>\r\n<blockquote>\r\n<p>&#8230;enthusiasts, and perhaps seduce a few Bach fans as well.<\/p>\r\n<p><cite>Classic Today<\/cite><\/p>\r\n<\/blockquote>\r\n<blockquote>\r\n<p>Salcito\u2026on the contrary, has been able to keep, for each variations, an excellent formal balance without rendering the transcriptions excessively functional to the following types of variations, philological operation well given also by his executions. He has in particular performed with even more elegance some passages that, on the previous transcriptions of the work by Bach, appeared difficult, from a technical point of view, and wooden from an expressive one.<\/p>\r\n<p><cite>DOTGUITAR<\/cite><\/p>\r\n<\/blockquote>\r\n<blockquote>\r\n<p>&#8230;Salcito is master guitarist, and the complexity of his transcription was not curbed in any way by limitations in his technique.<\/p>\r\n<p><cite>Fanfare Magazine<\/cite><\/p>\r\n<\/blockquote>\r\n<p>Im Fr\u00fchjahr 2017 wird seine letzte Arbeit ver\u00f6ffentlicht, diese CD pubbliziert von der Plattenfirma BRILLIANT CLASSICS unter dem Titel \u201cIntegral works for guitar and orchestra\u201d des Komponist R. Gnattali (1906-1988) mit \u201cOrchestra Sinfonica Abruzzese dirigiert von M\u00b0 Marcello Bufalini. Auch diese Arbeit wird in der Musikszene sehr wichtig sein, denn innerhalb dieser CD werden die \u201cfirst world recording\u201d von zwei unver\u00f6ffentlichte Werke des Komponisten R. Gnattali di Salcito aus der urspr\u00fcnglichen Manuskripte wiederhergestellt hat.<\/p>\r\n<p>Er h\u00e4lt regelm\u00e4\u00dfig Master-Klassen in Italien in Venosa w\u00e4hrend \u201cSeminari Internazionali Sulle Tracce di Gesualdo\u201d und bei Salerno Universit\u00e4t w\u00e4hrend \u201cItalian Guitar Camp\u201d. Professor f\u00fcr Gitarre am Konservatorium \u201cL.  D\u2019Annunzio\u201d in Pescara.<\/p>\r\n<p>Er spielt auf einem Instrument dass Enzo Guido ein Italienischen GitarreBauer  f\u00fcr Ihm gebaut hat.<\/p>","protected":false},"excerpt":{"rendered":"Er studierte Klavier und Cello im Alter von zehn Jahren. Bei der Musikhochschule \u201cL. D\u2019Annunzio\u201d in Pescara erhielt er, mit Bestnoten und Lob das Diplom in Gitarre unter der Leitung von M\u00b0 L. Guerra. Als Stipendiat hat er der dreij\u00e4hrige Fortbilldungkurs bei der \u201cAccademia Musicale Chigiana\u201d in Siena mit Lob abgeschlossen. Bei der Musik Akademie [&hellip;]","protected":false},"author":2,"featured_media":0,"parent":0,"menu_order":0,"comment_status":"closed","ping_status":"open","template":"","meta":[],"_links":{"self":[{"href":"https:\/\/marcosalcito.it\/de\/wp-json\/wp\/v2\/pages\/462\/"}],"collection":[{"href":"https:\/\/marcosalcito.it\/de\/wp-json\/wp\/v2\/pages\/"}],"about":[{"href":"https:\/\/marcosalcito.it\/de\/wp-json\/wp\/v2\/types\/page\/"}],"author":[{"embeddable":true,"href":"https:\/\/marcosalcito.it\/de\/wp-json\/wp\/v2\/users\/2\/"}],"replies":[{"embeddable":true,"href":"https:\/\/marcosalcito.it\/de\/wp-json\/wp\/v2\/comments\/?post=462"}],"version-history":[{"count":1,"href":"https:\/\/marcosalcito.it\/de\/wp-json\/wp\/v2\/pages\/462\/revisions\/"}],"predecessor-version":[{"id":463,"href":"https:\/\/marcosalcito.it\/de\/wp-json\/wp\/v2\/pages\/462\/revisions\/463\/"}],"wp:attachment":[{"href":"https:\/\/marcosalcito.it\/de\/wp-json\/wp\/v2\/media\/?parent=462"}],"curies":[{"name":"wp","href":"https:\/\/api.w.org\/{rel}","templated":true}]}}